{"id":201,"date":"2026-03-11T11:54:36","date_gmt":"2026-03-11T11:54:36","guid":{"rendered":"https:\/\/dev.tv-verl.de\/?page_id=201"},"modified":"2026-03-11T12:11:06","modified_gmt":"2026-03-11T12:11:06","slug":"vorstand","status":"publish","type":"page","link":"https:\/\/dev.tv-verl.de\/index.php\/vorstand\/","title":{"rendered":"Vorstand"},"content":{"rendered":"<div id=\"tdi_1\" class=\"tdc-zone\"><div class=\"tdc_zone tdi_2  wpb_row td-pb-row\"  >\n<style scoped>\n\/* custom css - generated by TagDiv Composer *\/\n\n\/* custom css - generated by TagDiv Composer *\/\n.tdi_2{\r\n                    min-height: 0;\r\n                }\n<\/style><div id=\"tdi_3\" class=\"tdc-row\"><div class=\"vc_row tdi_4  wpb_row td-pb-row\" >\n<style scoped>\n\/* custom css - generated by TagDiv Composer *\/\n\n\/* custom css - generated by TagDiv Composer *\/\n.tdi_4,\r\n                .tdi_4 .tdc-columns{\r\n                    min-height: 0;\r\n                }.tdi_4,\r\n\t\t\t\t.tdi_4 .tdc-columns{\r\n\t\t\t\t    display: block;\r\n\t\t\t\t}.tdi_4 .tdc-columns{\r\n\t\t\t\t    width: 100%;\r\n\t\t\t\t}.tdi_4:before,\r\n\t\t\t\t.tdi_4:after{\r\n\t\t\t\t    display: table;\r\n\t\t\t\t}\n<\/style><div class=\"vc_column tdi_6  wpb_column vc_column_container tdc-column td-pb-span12\">\n<style scoped>\n\/* custom css - generated by TagDiv Composer *\/\n\n\/* custom css - generated by TagDiv Composer *\/\n.tdi_6{\r\n                    vertical-align: baseline;\r\n                }.tdi_6 > .wpb_wrapper,\r\n\t\t\t\t.tdi_6 > .wpb_wrapper > .tdc-elements{\r\n\t\t\t\t    display: block;\r\n\t\t\t\t}.tdi_6 > .wpb_wrapper > .tdc-elements{\r\n\t\t\t\t    width: 100%;\r\n\t\t\t\t}.tdi_6 > .wpb_wrapper > .vc_row_inner{\r\n\t\t\t\t    width: auto;\r\n\t\t\t\t}.tdi_6 > .wpb_wrapper{\r\n\t\t\t\t    width: auto;\r\n\t\t\t\t    height: auto;\r\n\t\t\t\t}\n<\/style><div class=\"wpb_wrapper\" ><div class=\"wpb_wrapper td_block_empty_space td_block_wrap vc_empty_space tdi_8 \"  style=\"height: 32px\"><\/div><div class=\"td_block_wrap td_block_text_with_title tdi_9 tagdiv-type td-pb-border-top td_block_template_1\"  data-td-block-uid=\"tdi_9\" >\n<style>\n\/* custom css - generated by TagDiv Composer *\/\n.td_block_text_with_title{\r\n                  margin-bottom: 44px;\r\n                  -webkit-transform: translateZ(0);\r\n                  transform: translateZ(0);\r\n                }.td_block_text_with_title p:last-child{\r\n                  margin-bottom: 0;\r\n                }\n<\/style><div class=\"td-block-title-wrap\"><\/div><div class=\"td_mod_wrap td-fix-index\"><header class=\"entry-header\">\n<h1 class=\"entry-title\">Vorstand<\/h1>\n<\/header>\n<div class=\"entry-content\">\n<div class=\"pf-content\">\n<h4>Der Vorstand eines jeden Vereins ist berechtigt und verpflichtet, die anfallenden Gesch\u00e4fte zu f\u00fchren und den Verein in allen Angelegenheiten nach Au\u00dfen zu vertreten. Diese Rechte und Pflichten k\u00f6nnen von einem, aber auch von mehreren Personen wahrgenommen werden. Den TV Verl vertreten drei Vorst\u00e4nde, von denen jeweils einer f\u00fcr drei Jahre gew\u00e4hlt wird.<\/h4>\n<\/div>\n<\/div>\n<\/div><\/div><div class=\"wpb_wrapper td_block_separator td_block_wrap vc_separator tdi_11  td_separator_solid td_separator_center\"><span style=\"border-color:#EBEBEB;border-width:1px;width:100%;\"><\/span>\n<style scoped>\n\/* custom css - generated by TagDiv Composer *\/\n\n\/* custom css - generated by TagDiv Composer *\/\n.td_block_separator{\r\n                  width: 100%;\r\n                  align-items: center;\r\n                  margin-bottom: 38px;\r\n                  padding-bottom: 10px;\r\n                }.td_block_separator span{\r\n                  position: relative;\r\n                  display: block;\r\n                  margin: 0 auto;\r\n                  width: 100%;\r\n                  height: 1px;\r\n                  border-top: 1px solid #EBEBEB;\r\n                }.td_separator_align_left span{\r\n                  margin-left: 0;\r\n                }.td_separator_align_right span{\r\n                  margin-right: 0;\r\n                }.td_separator_dashed span{\r\n                  border-top-style: dashed;\r\n                }.td_separator_dotted span{\r\n                  border-top-style: dotted;\r\n                }.td_separator_double span{\r\n                  height: 3px;\r\n                  border-bottom: 1px solid #EBEBEB;\r\n                }.td_separator_shadow > span{\r\n                  position: relative;\r\n                  height: 20px;\r\n                  overflow: hidden;\r\n                  border: 0;\r\n                  color: #EBEBEB;\r\n                }.td_separator_shadow > span > span{\r\n                  position: absolute;\r\n                  top: -30px;\r\n                  left: 0;\r\n                  right: 0;\r\n                  margin: 0 auto;\r\n                  height: 13px;\r\n                  width: 98%;\r\n                  border-radius: 100%;\r\n                }html :where([style*='border-width']){\r\n                    border-style: none;\r\n                }\n<\/style><\/div><div class=\"tdm_block td_block_wrap tdm_block_text_image tdi_12 td-animation-stack tdm-layout-23-13 tdm-content-horiz-left tdm-content-vert-center td-pb-border-top td_block_template_1\"  data-td-block-uid=\"tdi_12\" >\n<style>\n\/* custom css - generated by TagDiv Composer *\/\n.tdm_block_text_image .tdm-text-wrap{\r\n                  padding-top: 20px;\r\n                  padding-bottom: 20px;\r\n                }.tdm_block_text_image .tdm-descr{\r\n                  margin-bottom: 0;\r\n                }.tdm_block_text_image .tds-button{\r\n                  margin-top: 30px;\r\n                }@media (min-width: 767px) {\r\n                  .tdm_block_text_image.tdm-text-image-extend-img {\r\n                    margin-right: calc((-100vw + 100%) \/ 2);\r\n                  }\r\n                  .tdm_block_text_image.tdm-text-image-extend-img.tdm-flip-yes {\r\n                    margin-right: 0;\r\n                    margin-left: calc((-100vw + 100%) \/ 2);\r\n                  }\r\n                  .tdm_block_text_image.tdm-text-image-extend-img.tdm-flip-yes .tdm-col-img {\r\n                    text-align: right;\r\n                  }\r\n                }@media (max-width: 767px) {\r\n                  .tdm_block_text_image .tdm-col-img {\r\n                    margin-top: 36px;\r\n                  }\r\n                  .tdm_block_text_image.tdm-flip-yes .tdm-col-img {\r\n                    margin-top: 0;\r\n                    margin-bottom: 15px;\r\n                  }\r\n                }\n<\/style><div class=\"td-block-width tdm-fix-full\"><div class=\"td-block-row tdm-row\"><div class=\"td-block-span6 tdm-col\"><div class=\"tdm-text-wrap tdm-text-padding\"><div class=\"tds-title tds-title1 td-fix-index tdi_13 \"><h3 class=\"tdm-title tdm-title-md\">Maja Kraft <\/h3><\/div><p class=\"tdm-descr td-fix-index\">ist mit 13 Jahren in die Judoabteilung des TV Verl eingetreten. Drei Jahre sp\u00e4ter engagierte sie sich schon als Helferin beim Training und kurze Zeit sp\u00e4ter war sie hier auch als Trainerin aktiv. Die Judoka lagen Maja Kraft schon immer am Herzen, so dass sie sich zudem noch als Abteilungsleiterin engagierte. Dieses Amt bekleidet sie mit sehr gro\u00dfen Einsatz bis heute. Nachdem sie das TV-Jubil\u00e4um im Jahre 2012 im Rahmen eines Minijobs organisiert hatte, folgte eine Festanstellung im Turnverein. Seit 2013 ist Maja Kraft mit einer halben Stelle im Turnverein angestellt. Auf der Mitgliederversammlung im M\u00e4rz 2019 ist sie dann in den gesch\u00e4ftsf\u00fchrenden Vorstand f\u00fcr das Ressort \u201eAllgemeines\u201c gew\u00e4hlt worden.<\/p><\/div><\/div><div class=\"td-block-span6 tdm-col tdm-col-img\"><img class=\"tdm-image td-fix-index td-lazy-img\" data-type=\"image_tag\" data-img-url=\"https:\/\/dev.tv-verl.de\/wp-content\/uploads\/2026\/03\/Maja-Kraft.jpg\"  title=\"Maja-Kraft\" width=\"619\" height=\"800\"><\/div><\/div><\/div><\/div><div class=\"wpb_wrapper td_block_separator td_block_wrap vc_separator tdi_15  td_separator_solid td_separator_center\"><span style=\"border-color:#EBEBEB;border-width:1px;width:100%;\"><\/span><\/div><div class=\"tdm_block td_block_wrap tdm_block_text_image tdi_16 td-animation-stack tdm-layout-23-13 tdm-content-horiz-left tdm-content-vert-center td-pb-border-top td_block_template_1\"  data-td-block-uid=\"tdi_16\" ><div class=\"td-block-width tdm-fix-full\"><div class=\"td-block-row tdm-row\"><div class=\"td-block-span6 tdm-col\"><div class=\"tdm-text-wrap tdm-text-padding\"><div class=\"tds-title tds-title1 td-fix-index tdi_17 \"><h3 class=\"tdm-title tdm-title-md\">Ina Setter<\/h3><\/div><p class=\"tdm-descr td-fix-index\">ist ein \u201eVerler M\u00e4dchen\u201c und seit 1993 aktiv in der Badmintonabteilung. Sie hat eine C-Trainer-Ausbildung in M\u00fchlheim gemacht und war zun\u00e4chst als Helferin aktiv. Etwas sp\u00e4ter hat sie dann auch selbst als \u00dcbungsleiterin einige Jugendmannschaften im Badminton geleitet, bis es ihre beruflichen Verpflichtungen nicht mehr zulie\u00dfen. \u201eIch habe aber auch zu Beginn meiner sportlichen Karriere einige Jahre ganz ordentlich und sehr gerne Volleyball gespielt und eine Menge von Margret Pollmeier gelernt. Irgendwann gab es sogar mal einen Titel bei den Sportler-Ehrungen des Jahres\u201c, berichtet Ina.\nSportlich hat sie zwischendurch einen Abstecher nach G\u00fctersloh gemacht und ist dann noch vor Beginn der Corona-Pandemie wieder in die Heimat zur\u00fcckgekehrt. Seit vielen Jahren ist Ina auch schon als Beisitzerin im erweiterten Vorstandsgremium aktiv.\nAuf der Mitgliederversammlung 2025 wurde Ina dann einstimmig als neues Vorstandsmitglied f\u00fcr den Bereich Finanzen gew\u00e4hlt und unterst\u00fctzt den Turnverein nach bestem Wissen und Gewissen.<\/p><\/div><\/div><div class=\"td-block-span6 tdm-col tdm-col-img\"><img class=\"tdm-image td-fix-index td-lazy-img\" data-type=\"image_tag\" data-img-url=\"https:\/\/dev.tv-verl.de\/wp-content\/uploads\/2026\/03\/Ina-Setter.jpg\"  title=\"Ina-Setter\" width=\"300\" height=\"419\"><\/div><\/div><\/div><\/div><div class=\"tdm_block td_block_wrap tdm_block_text_image tdi_18 td-animation-stack tdm-layout-23-13 tdm-content-horiz-left tdm-content-vert-center td-pb-border-top td_block_template_1\"  data-td-block-uid=\"tdi_18\" ><div class=\"td-block-width tdm-fix-full\"><div class=\"td-block-row tdm-row\"><div class=\"td-block-span6 tdm-col\"><div class=\"tdm-text-wrap tdm-text-padding\"><div class=\"tds-title tds-title1 td-fix-index tdi_19 \"><h3 class=\"tdm-title tdm-title-md\">Jan B\u00f6ttcher <\/h3><\/div><p class=\"tdm-descr td-fix-index\">ist als Sch\u00fcler in den 1980er Jahren in der Tischtennisabteilung des TV Verl gestartet. Daneben hat er sich auch in der Judoabteilung ausgetobt. Nach dem Studium in M\u00fcnster und Kiel kam er zum Berufstart wieder zur\u00fcck nach Verl und ist seitdem in der Triathlonabteilung aktiv. Er moderiert bei verschiedenen Veranstaltungen des TV Verl wie dem Triathlon im Sommer und dem Citylauf, der jedes Jahr am 2. Oktober stattfindet. Auf der Mitgliederversammlung im Mai 2023 wurde Jan B\u00f6ttcher in den Vorstand des TV Verl gew\u00e4hlt.<\/p><\/div><\/div><div class=\"td-block-span6 tdm-col tdm-col-img\"><img class=\"tdm-image td-fix-index td-lazy-img\" data-type=\"image_tag\" data-img-url=\"https:\/\/dev.tv-verl.de\/wp-content\/uploads\/2026\/03\/Jan-Boettcher.jpg\"  title=\"Jan-Boettcher\" width=\"866\" height=\"981\"><\/div><\/div><\/div><\/div><div class=\"wpb_wrapper td_block_separator td_block_wrap vc_separator tdi_21  td_separator_solid td_separator_center\"><span style=\"border-color:#EBEBEB;border-width:1px;width:100%;\"><\/span><\/div><div class=\"wpb_wrapper td_block_empty_space td_block_wrap vc_empty_space tdi_23 \"  style=\"height: 32px\"><\/div><\/div><\/div><\/div><\/div><\/div><\/div>","protected":false},"excerpt":{"rendered":"","protected":false},"author":1,"featured_media":0,"parent":0,"menu_order":0,"comment_status":"closed","ping_status":"closed","template":"","meta":{"footnotes":""},"class_list":["post-201","page","type-page","status-publish"],"_links":{"self":[{"href":"https:\/\/dev.tv-verl.de\/index.php\/wp-json\/wp\/v2\/pages\/201","targetHints":{"allow":["GET"]}}],"collection":[{"href":"https:\/\/dev.tv-verl.de\/index.php\/wp-json\/wp\/v2\/pages"}],"about":[{"href":"https:\/\/dev.tv-verl.de\/index.php\/wp-json\/wp\/v2\/types\/page"}],"author":[{"embeddable":true,"href":"https:\/\/dev.tv-verl.de\/index.php\/wp-json\/wp\/v2\/users\/1"}],"replies":[{"embeddable":true,"href":"https:\/\/dev.tv-verl.de\/index.php\/wp-json\/wp\/v2\/comments?post=201"}],"version-history":[{"count":3,"href":"https:\/\/dev.tv-verl.de\/index.php\/wp-json\/wp\/v2\/pages\/201\/revisions"}],"predecessor-version":[{"id":214,"href":"https:\/\/dev.tv-verl.de\/index.php\/wp-json\/wp\/v2\/pages\/201\/revisions\/214"}],"wp:attachment":[{"href":"https:\/\/dev.tv-verl.de\/index.php\/wp-json\/wp\/v2\/media?parent=201"}],"curies":[{"name":"wp","href":"https:\/\/api.w.org\/{rel}","templated":true}]}}