{"id":240,"date":"2026-03-16T12:01:07","date_gmt":"2026-03-16T12:01:07","guid":{"rendered":"https:\/\/dev.tv-verl.de\/?page_id=240"},"modified":"2026-03-16T12:14:45","modified_gmt":"2026-03-16T12:14:45","slug":"sportstaetten","status":"publish","type":"page","link":"https:\/\/dev.tv-verl.de\/index.php\/sportangebote\/sportstaetten\/","title":{"rendered":"Unser Sportst\u00e4tten"},"content":{"rendered":"\n<p><\/p>\n\n\n\n<h4 class=\"wp-block-heading\"><strong>Sporthalle der GS Am B\u00fchlbusch, Am B\u00fchlbusch 6<\/strong><\/h4>\n\n\n<p><iframe loading=\"lazy\" src=\"https:\/\/www.google.com\/maps\/embed?pb=!1m18!1m12!1m3!1d2463.0675231051355!2d8.505861316106934!3d51.87797997969771!2m3!1f0!2f0!3f0!3m2!1i1024!2i768!4f13.1!3m3!1m2!1s0x47ba308749b48c05%3A0x9067801e47e28cef!2sGrundschule+Am+B%C3%BChlbusch!5e0!3m2!1sde!2sde!4v1561906240024!5m2!1sde!2sde\" style=\"border:0\" allowfullscreen=\"\" width=\"600\" height=\"450\" frameborder=\"0\"><\/iframe><\/p>\n\n\n\n<hr class=\"wp-block-separator has-text-color has-vivid-red-color has-alpha-channel-opacity has-vivid-red-background-color has-background\"\/>\n\n\n\n<p><\/p>\n\n\n\n<p><strong>Sporthallen I (3-fach-Halle), II (2-fach-Halle) und III (Ballsporthalle) im Schulzentrum, St.-Anna-Str. 34<\/strong><\/p>\n\n\n<p><iframe loading=\"lazy\" src=\"https:\/\/www.google.com\/maps\/embed?pb=!1m18!1m12!1m3!1d870.7079771069954!2d8.501908668339333!3d51.88406680748813!2m3!1f0!2f0!3f0!3m2!1i1024!2i768!4f13.1!3m3!1m2!1s0x47ba3a81fe850dff%3A0x5bc0df0dd072586d!2sSankt-Anna-Stra%C3%9Fe+28%2C+33415+Verl!5e0!3m2!1sde!2sde!4v1561906621349!5m2!1sde!2sde\" style=\"border:0\" allowfullscreen=\"\" width=\"600\" height=\"450\" frameborder=\"0\"><\/iframe><\/p>\n\n\n\n<hr class=\"wp-block-separator has-text-color has-vivid-red-color has-alpha-channel-opacity has-vivid-red-background-color has-background\"\/>\n\n\n\n<p><\/p>\n\n\n\n<p><strong>Sporthalle der Realschule, K\u00fchlmannweg 20<\/strong><\/p>\n\n\n<p><iframe loading=\"lazy\" src=\"https:\/\/www.google.com\/maps\/embed?pb=!1m23!1m12!1m3!1d2462.698135206737!2d8.502971616064432!3d51.88472252969889!2m3!1f0!2f0!3f0!3m2!1i1024!2i768!4f13.1!4m8!3e6!4m5!1s0x47ba3a803296bb63%3A0xa78147110764bf2c!2sRealschule%20Verl%2C%20K%C3%BChlmannweg%2020%2C%2033415%20Verl!3m2!1d51.8844353!2d8.504852999999999!4m0!5e0!3m2!1sde!2sde!4v1585310537493!5m2!1sde!2sde\" style=\"border:0;\" allowfullscreen=\"\" aria-hidden=\"false\" tabindex=\"0\" width=\"600\" height=\"450\" frameborder=\"0\"><\/iframe><\/p>\n\n\n\n<hr class=\"wp-block-separator has-text-color has-vivid-red-color has-alpha-channel-opacity has-vivid-red-background-color has-background\"\/>\n\n\n\n<p><\/p>\n\n\n\n<p><strong>Sporthalle der GS Marienschule, K\u00fchlmannweg 13<\/strong><\/p>\n\n\n<p><iframe loading=\"lazy\" src=\"https:\/\/www.google.com\/maps\/embed?pb=!1m18!1m12!1m3!1d2462.774428294805!2d8.504031316064355!3d51.88332997969864!2m3!1f0!2f0!3f0!3m2!1i1024!2i768!4f13.1!3m3!1m2!1s0x47ba30806ade8655%3A0xa6ac1c03e15a62b6!2sMarienschule!5e0!3m2!1sde!2sde!4v1585558222661!5m2!1sde!2sde\" style=\"border:0;\" allowfullscreen=\"\" aria-hidden=\"false\" tabindex=\"0\" width=\"600\" height=\"450\" frameborder=\"0\"><\/iframe><\/p>\n\n\n\n<hr class=\"wp-block-separator has-text-color has-vivid-red-color has-alpha-channel-opacity has-vivid-red-background-color has-background\"\/>\n\n\n\n<p><\/p>\n\n\n\n<p><strong>Sporthalle der GS St.-Georg, S\u00fcrenheide, Thadd\u00e4usstr. 74<\/strong><\/p>\n\n\n<p><iframe loading=\"lazy\" src=\"https:\/\/www.google.com\/maps\/embed?pb=!1m18!1m12!1m3!1d2462.429808989259!2d8.462891316064537!3d51.88961997969962!2m3!1f0!2f0!3f0!3m2!1i1024!2i768!4f13.1!3m3!1m2!1s0x47ba3aa8ff30e6cf%3A0xe7014403663c2b46!2sMusikalische%20St.Georg-Schule%20S%C3%BCrenheide!5e0!3m2!1sde!2sde!4v1585558481411!5m2!1sde!2sde\" style=\"border:0;\" allowfullscreen=\"\" aria-hidden=\"false\" tabindex=\"0\" width=\"600\" height=\"450\" frameborder=\"0\"><\/iframe><\/p>\n\n\n\n<hr class=\"wp-block-separator has-text-color has-vivid-red-color has-alpha-channel-opacity has-vivid-red-background-color has-background\"\/>\n\n\n\n<p><\/p>\n\n\n\n<p><strong>Sporthalle der GS Bornholte\/Bhf., Bergstr. 26<\/strong><\/p>\n\n\n<p><iframe loading=\"lazy\" src=\"https:\/\/www.google.com\/maps\/embed?pb=!1m18!1m12!1m3!1d2463.1902440150716!2d8.53600521606417!3d51.875739779697284!2m3!1f0!2f0!3f0!3m2!1i1024!2i768!4f13.1!3m3!1m2!1s0x47ba30a3d78217d7%3A0x111c553cc5549d4f!2sKatholische%20Grundschule%20Bornholte-Bahnhof!5e0!3m2!1sde!2sde!4v1585558621455!5m2!1sde!2sde\" style=\"border:0;\" allowfullscreen=\"\" aria-hidden=\"false\" tabindex=\"0\" width=\"600\" height=\"450\" frameborder=\"0\"><\/iframe><\/p>\n\n\n\n<hr class=\"wp-block-separator has-text-color has-vivid-red-color has-alpha-channel-opacity has-vivid-red-background-color has-background\"\/>\n\n\n\n<p><\/p>\n\n\n\n<p><strong>Sporthalle der GS Kaunitz, Fr\u00f6belstr. 13-15<\/strong><\/p>\n\n\n<p><iframe loading=\"lazy\" src=\"https:\/\/www.google.com\/maps\/embed?pb=!1m18!1m12!1m3!1d2464.357750387468!2d8.565843716063435!3d51.854424179693595!2m3!1f0!2f0!3f0!3m2!1i1024!2i768!4f13.1!3m3!1m2!1s0x47ba37377ccf8373%3A0x4b1cd8515e247595!2sGrundschule%20Kaunitz!5e0!3m2!1sde!2sde!4v1585558736671!5m2!1sde!2sde\" style=\"border:0;\" allowfullscreen=\"\" aria-hidden=\"false\" tabindex=\"0\" width=\"600\" height=\"450\" frameborder=\"0\"><\/iframe><\/p>\n\n\n\n<hr class=\"wp-block-separator has-text-color has-vivid-red-color has-alpha-channel-opacity has-vivid-red-background-color has-background\"\/>\n\n\n\n<p><\/p>\n\n\n\n<p><strong>Au\u00dfensportanlage im Schulzentrum, Friedhofsweg<\/strong><\/p>\n\n\n<p><iframe loading=\"lazy\" src=\"https:\/\/www.google.com\/maps\/embed?pb=!1m18!1m12!1m3!1d2462.727821502053!2d8.500844716064417!3d51.8841806796988!2m3!1f0!2f0!3f0!3m2!1i1024!2i768!4f13.1!3m3!1m2!1s0x47ba3a81e008baf9%3A0x34a70634cdd192c4!2sGesamtschule%20Verl!5e0!3m2!1sde!2sde!4v1587379749422!5m2!1sde!2sde\" width=\"600\" height=\"450\" frameborder=\"0\" style=\"border:0;\" allowfullscreen=\"\" aria-hidden=\"false\" tabindex=\"0\"><\/iframe><\/p>\n\n\n\n<p><\/p>\n","protected":false},"excerpt":{"rendered":"<p>Sporthalle der GS Am B\u00fchlbusch, Am B\u00fchlbusch 6 Sporthallen I (3-fach-Halle), II (2-fach-Halle) und III (Ballsporthalle) im Schulzentrum, St.-Anna-Str. 34 Sporthalle der Realschule, K\u00fchlmannweg 20 Sporthalle der GS Marienschule, K\u00fchlmannweg 13 Sporthalle der GS St.-Georg, S\u00fcrenheide, Thadd\u00e4usstr. 74 Sporthalle der GS Bornholte\/Bhf., Bergstr. 26 Sporthalle der GS Kaunitz, Fr\u00f6belstr. 13-15 Au\u00dfensportanlage im Schulzentrum, Friedhofsweg<\/p>\n","protected":false},"author":1,"featured_media":0,"parent":163,"menu_order":0,"comment_status":"closed","ping_status":"closed","template":"","meta":{"footnotes":""},"class_list":["post-240","page","type-page","status-publish"],"_links":{"self":[{"href":"https:\/\/dev.tv-verl.de\/index.php\/wp-json\/wp\/v2\/pages\/240","targetHints":{"allow":["GET"]}}],"collection":[{"href":"https:\/\/dev.tv-verl.de\/index.php\/wp-json\/wp\/v2\/pages"}],"about":[{"href":"https:\/\/dev.tv-verl.de\/index.php\/wp-json\/wp\/v2\/types\/page"}],"author":[{"embeddable":true,"href":"https:\/\/dev.tv-verl.de\/index.php\/wp-json\/wp\/v2\/users\/1"}],"replies":[{"embeddable":true,"href":"https:\/\/dev.tv-verl.de\/index.php\/wp-json\/wp\/v2\/comments?post=240"}],"version-history":[{"count":7,"href":"https:\/\/dev.tv-verl.de\/index.php\/wp-json\/wp\/v2\/pages\/240\/revisions"}],"predecessor-version":[{"id":252,"href":"https:\/\/dev.tv-verl.de\/index.php\/wp-json\/wp\/v2\/pages\/240\/revisions\/252"}],"up":[{"embeddable":true,"href":"https:\/\/dev.tv-verl.de\/index.php\/wp-json\/wp\/v2\/pages\/163"}],"wp:attachment":[{"href":"https:\/\/dev.tv-verl.de\/index.php\/wp-json\/wp\/v2\/media?parent=240"}],"curies":[{"name":"wp","href":"https:\/\/api.w.org\/{rel}","templated":true}]}}