{"id":304,"date":"2026-03-20T11:21:01","date_gmt":"2026-03-20T11:21:01","guid":{"rendered":"https:\/\/dev.tv-verl.de\/?page_id=304"},"modified":"2026-03-20T11:46:34","modified_gmt":"2026-03-20T11:46:34","slug":"anmeldebedingungen-kurse","status":"publish","type":"page","link":"https:\/\/dev.tv-verl.de\/index.php\/kursangebote\/anmeldebedingungen-kurse\/","title":{"rendered":"Anmeldebedingungen Kurse"},"content":{"rendered":"\n<h3 class=\"wp-block-heading\">Anmeldebedingungen f\u00fcr Kurse<\/h3>\n\n\n\n<ul class=\"wp-block-list\">\n<li><strong>Anmeldung<\/strong><br>Alle Anmeldungen sind schriftlich an die Gesch\u00e4ftsstelle des Turnverein von 1912 Verl e.V. zu richten. Bitte benutzen Sie hierzu die Anmeldekarte. Sie k\u00f6nnen uns die Anmeldung selbstverst\u00e4ndlich auch per Fax oder per Online-Anmeldung zusenden. Sie erhalten nach Abgabe der Anmeldung keine weitere Kursbest\u00e4tigung. Eine Benachrichtigung durch den TV Verl erfolgt nur bei einer Kursabsage bzw. wenn keine Kurspl\u00e4tze mehr zur Verf\u00fcgung stehen.<br><\/li>\n\n\n\n<li><strong>Zahlung Teilnahmegeb\u00fchr<\/strong><br>Der Teilnahmebetrag wird grunds\u00e4tzlich per Lastschrift eingezogen. Das SEPA-Lastschriftverfahren erfolgt erst nach Beginn des Kurses, am 5. des darauffolgenden Monats. Das SEPA-Lastschriftmandat kann jederzeit widerrufen werden. Es erlischt automatisch mit Beendigung des Kurses.<br><\/li>\n\n\n\n<li><strong>R\u00fccktritt<\/strong><br>Bei einem R\u00fccktritt Ihrerseits bitten wir in jedem Fall um eine schriftliche Benachrichtigung. Bei einem R\u00fccktritt bis 4 Werktage vor Kursbeginn erheben wir eine Bearbeitungsgeb\u00fchr von 8,00 \u20ac. F\u00fcr Kursgeb\u00fchren, deren H\u00f6he niedriger ist, als die Stornogeb\u00fchr, wird keine R\u00fcckerstattung geleistet. Bei einem sp\u00e4teren R\u00fccktritt ist die volle Teilnahmegeb\u00fchr f\u00e4llig, wenn der freigewordene Platz nicht anderweitig belegt werden kann. Bei einer Absage aus gesundheitlichen Gr\u00fcnden fallen keine Geb\u00fchren an, wenn ein \u00e4rztliches Attest vorgelegt wird.<br><\/li>\n\n\n\n<li><strong>Vorbehalte<\/strong><br>Der Turnverein von 1912 Verl e.V. beh\u00e4lt sich das Recht vor, Veranstaltungen abzusagen, falls die jeweils erforderliche Mindestteilnehmerzahl nicht erreicht wird. Sind alle Pl\u00e4tze eines Kurses bereits belegt, besteht kein Anspruch auf Teilnahme. Allerdings werden wir in diesen F\u00e4llen eine Warteliste f\u00fchren. Programm-, Orts- und \/ oder Termin\u00e4nderungen nach Drucklegung bleiben vorbehalten. Bei Ausfall einer Veranstaltung, \u00dcberbelegung oder sonstigen \u00c4nderungen werden wir Sie benachrichtigen.<br><\/li>\n\n\n\n<li><strong>Geb\u00fchrenstaffel<\/strong><br>Beachten Sie bitte die bestehende Geb\u00fchrenstaffelung f\u00fcr Mitglieder des Turnvereins und Nicht-Mitglieder. Die \u00dcberpr\u00fcfung der erm\u00e4\u00dfigten Teilnahmegeb\u00fchr (bei entsprechendem Kreuz auf der Anmeldung) erfolgt durch den Verein.<br><\/li>\n\n\n\n<li><strong>Datenschutz<\/strong><br>Wir weisen darauf hin, dass Sie mit Ihrer Anmeldung entsprechend dem g\u00fcltigen Bundesdatenschutzgesetz Ihr Einverst\u00e4ndnis erkl\u00e4ren, dass Ihre Daten mittels EDV unter Beachtung gesetzlicher Datenschutzbestimmungen verarbeitet und innerhalb des TV Verl ausschlie\u00dflich zur Erf\u00fcllung satzungsgem\u00e4\u00dfer Aufgaben verwendet werden.<br><\/li>\n\n\n\n<li><strong>Haftung<\/strong><br>Der Turnverein von 1912 Verl e.V. \u00fcbernimmt keine Haftung f\u00fcr Sch\u00e4den oder Verluste, die in Zusammenhang mit unseren Veranstaltungen entstehen sollten. Zus\u00e4tzlich zur eigenen Versicherung besteht allerdings im Rahmen des Sportversicherungsvertrages bei der Sporthilfe e.V. f\u00fcr alle einem Sportverein angeh\u00f6rigen Teilnehmer Versicherungsschutz f\u00fcr Unfall- und Haftpflichtsch\u00e4den.<br><\/li>\n\n\n\n<li><strong>Fotoaufnahmen<\/strong><br>Wir f\u00fchren regelm\u00e4\u00dfig bei unseren Veranstaltungen Fotoaufnahmen durch. Dieses Bildmaterial verwendet unsere \u00d6ffentlichkeitsabteilung u.a. f\u00fcr Flyer, Homepage oder Presseartikel. Falls Sie oder Ihr Kind nicht fotografiert werden m\u00f6chten, dann teilen Sie uns dies bitte bei Ihrer Anmeldung mit.<br><\/li>\n\n\n\n<li><strong>Fotoaufnahmen<\/strong><br>Wir f\u00fchren regelm\u00e4\u00dfig bei unseren Veranstaltungen Fotoaufnahmen durch. Dieses Bildmaterial verwendet unsere \u00d6ffentlichkeitsabteilung u.a. f\u00fcr Flyer, Homepage oder Presseartikel. Falls Sie oder Ihr Kind nicht fotografiert werden m\u00f6chten, dann teilen Sie uns dies bitte bei Ihrer Anmeldung mit.<\/li>\n<\/ul>\n","protected":false},"excerpt":{"rendered":"<p>Anmeldebedingungen f\u00fcr Kurse<\/p>\n","protected":false},"author":1,"featured_media":0,"parent":157,"menu_order":0,"comment_status":"closed","ping_status":"closed","template":"","meta":{"footnotes":""},"class_list":["post-304","page","type-page","status-publish"],"_links":{"self":[{"href":"https:\/\/dev.tv-verl.de\/index.php\/wp-json\/wp\/v2\/pages\/304","targetHints":{"allow":["GET"]}}],"collection":[{"href":"https:\/\/dev.tv-verl.de\/index.php\/wp-json\/wp\/v2\/pages"}],"about":[{"href":"https:\/\/dev.tv-verl.de\/index.php\/wp-json\/wp\/v2\/types\/page"}],"author":[{"embeddable":true,"href":"https:\/\/dev.tv-verl.de\/index.php\/wp-json\/wp\/v2\/users\/1"}],"replies":[{"embeddable":true,"href":"https:\/\/dev.tv-verl.de\/index.php\/wp-json\/wp\/v2\/comments?post=304"}],"version-history":[{"count":2,"href":"https:\/\/dev.tv-verl.de\/index.php\/wp-json\/wp\/v2\/pages\/304\/revisions"}],"predecessor-version":[{"id":321,"href":"https:\/\/dev.tv-verl.de\/index.php\/wp-json\/wp\/v2\/pages\/304\/revisions\/321"}],"up":[{"embeddable":true,"href":"https:\/\/dev.tv-verl.de\/index.php\/wp-json\/wp\/v2\/pages\/157"}],"wp:attachment":[{"href":"https:\/\/dev.tv-verl.de\/index.php\/wp-json\/wp\/v2\/media?parent=304"}],"curies":[{"name":"wp","href":"https:\/\/api.w.org\/{rel}","templated":true}]}}