{"id":359,"date":"2026-03-23T10:57:56","date_gmt":"2026-03-23T10:57:56","guid":{"rendered":"https:\/\/dev.tv-verl.de\/?page_id=359"},"modified":"2026-03-23T11:07:01","modified_gmt":"2026-03-23T11:07:01","slug":"dosb-stuetzpunktverein","status":"publish","type":"page","link":"https:\/\/dev.tv-verl.de\/index.php\/dosb-stuetzpunktverein\/","title":{"rendered":"DOSB St\u00fctzpunktverein"},"content":{"rendered":"\n<div style=\"height:100px\" aria-hidden=\"true\" class=\"wp-block-spacer\"><\/div>\n\n\n\n<h1 class=\"wp-block-heading\">Der TV VERL ist vom Deutschen Olympischen Sportbund (DOSB) offiziell als St\u00fctzpunktverein anerkannt!<\/h1>\n\n\n\n<div class=\"wp-block-media-text is-stacked-on-mobile is-vertically-aligned-top\" style=\"grid-template-columns:40% auto\"><figure class=\"wp-block-media-text__media\"><img loading=\"lazy\" decoding=\"async\" width=\"615\" height=\"1024\" src=\"https:\/\/dev.tv-verl.de\/wp-content\/uploads\/2026\/03\/Stuetzpunktverein-Integration-615x1024.jpg\" alt=\"\" class=\"wp-image-360 size-full\" srcset=\"https:\/\/dev.tv-verl.de\/wp-content\/uploads\/2026\/03\/Stuetzpunktverein-Integration-615x1024.jpg 615w, https:\/\/dev.tv-verl.de\/wp-content\/uploads\/2026\/03\/Stuetzpunktverein-Integration-180x300.jpg 180w, https:\/\/dev.tv-verl.de\/wp-content\/uploads\/2026\/03\/Stuetzpunktverein-Integration-768x1279.jpg 768w, https:\/\/dev.tv-verl.de\/wp-content\/uploads\/2026\/03\/Stuetzpunktverein-Integration-252x420.jpg 252w, https:\/\/dev.tv-verl.de\/wp-content\/uploads\/2026\/03\/Stuetzpunktverein-Integration-150x250.jpg 150w, https:\/\/dev.tv-verl.de\/wp-content\/uploads\/2026\/03\/Stuetzpunktverein-Integration-300x500.jpg 300w, https:\/\/dev.tv-verl.de\/wp-content\/uploads\/2026\/03\/Stuetzpunktverein-Integration-696x1159.jpg 696w, https:\/\/dev.tv-verl.de\/wp-content\/uploads\/2026\/03\/Stuetzpunktverein-Integration.jpg 887w\" sizes=\"auto, (max-width: 615px) 100vw, 615px\" \/><\/figure><div class=\"wp-block-media-text__content\">\n<p><strong>St\u00fctzpunktverein Integration<\/strong><\/p>\n\n\n\n<p>Der TV Verl beteiligt sich seit 2017 an dem Projekt \u201cSt\u00fctzpunktverein Integration\u201c, das durch den Landessportbund mit Unterst\u00fctzung vom Bundesministerium des Inneren, Bau und Heimat aufgelegt wurde. Der TV Verl geh\u00f6rte zu einem der ersten Vereine, die sich f\u00fcr dieses Projekt stark gemacht hat. Den Ansto\u00df f\u00fcr gab 2015\/2016 die Fl\u00fcchtlingswelle, aber es sollen nicht nur gefl\u00fcchtete Personen angesprochen, sondern auch sozial schwache Familien sollen mit den Aktionen, die durch die Mittel m\u00f6glich sind, angesprochen werden. Somit erstreckt sich die Integration auf viele Gebiete und der Verein lebt schon viele Jahre diesen Aspekt in allen Sportgruppen. Jeder ist beim Verein willkommen und wird einfach in die bestehenden Gruppen integriert. Hier ist nicht wichtig aus welchem Land man kommt, welche Sprache man spricht oder wieviel Geld man hat. Auch wenn man k\u00f6rperlich oder geistig eingeschr\u00e4nkt ist, ist man beim TV Verl richtig. Wenn es irgendwie m\u00f6glich ist, wird das Training so gestaltet, dass wirklich alle mitmachen k\u00f6nnen, die gerne m\u00f6chten.<\/p>\n\n\n\n<p><\/p>\n<\/div><\/div>\n\n\n\n<p>Aus den Mitteln des Projektes wurden und werden teilweise immer noch folgende Aktionen finanziert:<\/p>\n\n\n\n<p><strong>Halle f\u00fcr Alle<\/strong><\/p>\n\n\n\n<p>Die Halle f\u00fcr Alle wird seit dem Herbst 2017 angeboten und ist ein riesiger Erfolg. Jedes Wochenende von den Herbstferien bis zu den Osterferien wird eine Sporthalle mit viel Engagement der aktiven \u00dcbungsleiter in ein Abenteuerparkour verwandelt. Hier k\u00f6nnen sich die Kinder mit ihren Eltern in der dunklen Jahreszeit immer von 10.00 Uhr bis 13.00 Uhr austoben. Eltern k\u00f6nnen so dem Bewegungsdrang ihrer Kinder nachkommen und finden am Wochenende Zeit mit ihren Kindern zu spielen. Da wird Mama zum Pferd und muss das Kind auf dem Rollbrett hinter sich herziehen oder zum Sicherheitsanker, wenn die Kids mutig werden und sich vom Mattenberg st\u00fcrzen oder von der Kletterwand springen. Da die Halle f\u00fcr Alle jede Woche wo anders ist, bietet jede Halle auch wieder andere M\u00f6glichkeiten und somit wird es bis zu den Osterferien nie langweilig. Der Verein hatte auch im zweiten Jahr zum Herbst sehr viele Nachfragen, ob es die Halle f\u00fcr Alle auch wiedergeben w\u00fcrde. Der Verein m\u00f6chte dieses tolle Angebot auch gerne weiteranbieten, wenn die F\u00f6rderung durch den LSB wegf\u00e4llt und ist jetzt auf der Suche nach m\u00f6glichen F\u00f6rderern.<\/p>\n\n\n\n<p><strong>Geballte Ladung Bewegung<\/strong><\/p>\n\n\n\n<p>Hier sind immer zwei \u00dcbungsleiter aus den Ballsportarten Handball und Basketball in die Schulen gegangen, um den Kindern diese Ballsportarten n\u00e4her zu bringen. Bewegung und das Erleben ihres K\u00f6rpers und ihrer Grenzen ist f\u00fcr Kinder sehr wichtig. H\u00e4ufig ist der Sprung zum Verein f\u00fcr die Kinder schwer. Man kennt ja keinen und wei\u00df nicht so genau worauf man sich bei einem Training so einl\u00e4sst. Dieses Problem wird durch das Training w\u00e4hrend der Schulzeit umgangen. Nach einer Einf\u00fchrung im Schulunterricht wurde f\u00fcr die Kinder eine AG angeboten. Dies hat den Vorteil, dass die Kinder nur einmal zus\u00e4tzlich in die Halle m\u00fcssen und z.B. ein Fahrweg f\u00fcr die Eltern wegf\u00e4llt und so der Weg zum Sport vereinfacht wird.&nbsp;<\/p>\n\n\n\n<p><strong>Sommerfest Caf\u00e8 Grenzenlos<\/strong><\/p>\n\n\n\n<p>Am Sommerfest des Cafe Grenzenlos hat sich der TV Verl mit sportlichen Angeboten zum Schnuppern aktiv beteiligt. Neben Frisbee, V\u00f6lkerball und Basketball, haben auch die Ballettm\u00e4dels mit Vorf\u00fchrungen begeistert.<\/p>\n\n\n\n<p><strong>\u00d6ffentlichkeitsarbeit<\/strong><\/p>\n\n\n\n<p>Eine Zusammenstellung der verschiedenen Sportarten im Verein wurde vorgenommen. Die einzelnen Sportarten wurden beschrieben, damit man sich besser vorstellen kann, was z.B. Judo \u00fcberhaupt ist. Da viele gefl\u00fcchtete Familien mit Deutsch am Anfang Probleme hatten, wurde diese Flyer auch in Englisch aufgelegt und aktiv im Cafe Grenzenlos und bei den Sprachcafes verteilt.<\/p>\n\n\n\n<p><strong>Kostenlose Mitgliedschaft<\/strong><\/p>\n\n\n\n<p>Aktive Sportler, die sich den Beitrag des Vereins nicht leisten k\u00f6nnen, haben die M\u00f6glichkeit kostenlos am Sportbetrieb teilzunehmen, wenn sie einen Nachweis vorlegen. Somit hat wirklich jeder die M\u00f6glichkeit beim TV Verl Sport zu betreiben.<br>Dies ist ein Auszug aus den verschiedenen Aktionen, die im Rahmen des St\u00fctzpunktvereins vom TV Verl durchgef\u00fchrt wurden. Der Verein ist immer f\u00fcr neue Ideen offen und freut sich \u00fcber Anregungen.<br>Weitere Informationen zum St\u00fctzpunktverein k\u00f6nnen Sie hier herunterladen:<\/p>\n\n\n\n<div class=\"wp-block-buttons is-layout-flex wp-block-buttons-is-layout-flex\">\n<div class=\"wp-block-button\"><a class=\"wp-block-button__link has-vivid-red-background-color has-background wp-element-button\" href=\"https:\/\/dev.tv-verl.de\/wp-content\/uploads\/2026\/03\/Info_Stuetzpunktverein_IdS.pdf\" target=\"_blank\" rel=\"noreferrer noopener\">DOSB St\u00fctzpunktverein<\/a><\/div>\n<\/div>\n\n\n\n<p><\/p>\n","protected":false},"excerpt":{"rendered":"<p>Der TV VERL ist vom Deutschen Olympischen Sportbund (DOSB) offiziell als St\u00fctzpunktverein anerkannt! St\u00fctzpunktverein Integration Der TV Verl beteiligt sich seit 2017 an dem Projekt \u201cSt\u00fctzpunktverein Integration\u201c, das durch den Landessportbund mit Unterst\u00fctzung vom Bundesministerium des Inneren, Bau und Heimat aufgelegt wurde. Der TV Verl geh\u00f6rte zu einem der ersten Vereine, die sich f\u00fcr dieses [&hellip;]<\/p>\n","protected":false},"author":1,"featured_media":0,"parent":0,"menu_order":0,"comment_status":"closed","ping_status":"closed","template":"","meta":{"footnotes":""},"class_list":["post-359","page","type-page","status-publish"],"_links":{"self":[{"href":"https:\/\/dev.tv-verl.de\/index.php\/wp-json\/wp\/v2\/pages\/359","targetHints":{"allow":["GET"]}}],"collection":[{"href":"https:\/\/dev.tv-verl.de\/index.php\/wp-json\/wp\/v2\/pages"}],"about":[{"href":"https:\/\/dev.tv-verl.de\/index.php\/wp-json\/wp\/v2\/types\/page"}],"author":[{"embeddable":true,"href":"https:\/\/dev.tv-verl.de\/index.php\/wp-json\/wp\/v2\/users\/1"}],"replies":[{"embeddable":true,"href":"https:\/\/dev.tv-verl.de\/index.php\/wp-json\/wp\/v2\/comments?post=359"}],"version-history":[{"count":5,"href":"https:\/\/dev.tv-verl.de\/index.php\/wp-json\/wp\/v2\/pages\/359\/revisions"}],"predecessor-version":[{"id":369,"href":"https:\/\/dev.tv-verl.de\/index.php\/wp-json\/wp\/v2\/pages\/359\/revisions\/369"}],"wp:attachment":[{"href":"https:\/\/dev.tv-verl.de\/index.php\/wp-json\/wp\/v2\/media?parent=359"}],"curies":[{"name":"wp","href":"https:\/\/api.w.org\/{rel}","templated":true}]}}